{"id":140,"date":"2026-02-12T19:59:43","date_gmt":"2026-02-12T19:59:43","guid":{"rendered":"https:\/\/tax.u-consults.com\/?page_id=140"},"modified":"2026-02-25T19:58:26","modified_gmt":"2026-02-25T19:58:26","slug":"how-to","status":"publish","type":"page","link":"https:\/\/tax.u-consults.com\/fr\/how-to\/","title":{"rendered":"Comment Faire"},"content":{"rendered":"<div data-elementor-type=\"wp-page\" data-elementor-id=\"140\" class=\"elementor elementor-140\">\n\t\t\t\t<div class=\"elementor-element elementor-element-c93554d e-con-full e-flex wpr-particle-no wpr-jarallax-no wpr-parallax-no wpr-sticky-section-no e-con e-parent\" data-id=\"c93554d\" data-element_type=\"container\" data-e-type=\"container\">\n\t\t\t\t<div class=\"elementor-element elementor-element-74c8002 elementor-widget elementor-widget-elementskit-heading\" data-id=\"74c8002\" data-element_type=\"widget\" data-e-type=\"widget\" data-widget_type=\"elementskit-heading.default\">\n\t\t\t\t\t<div class=\"ekit-wid-con\" ><div class=\"ekit-heading elementskit-section-title-wraper text_center   ekit_heading_tablet-   ekit_heading_mobile-\"><h2 class=\"ekit-heading--title elementskit-section-title\">D\u00e9clarez vos imp\u00f4ts en toute confiance<\/h2>\t\t\t\t<div class='ekit-heading__description'>\n\t\t\t\t\t<p>Bienvenue \u00e0 <strong>U-Consults services de Taxes<\/strong>.<br \/>Cette page explique pr\u00e9cis\u00e9ment comment d\u00e9marrer, \u00e0 quoi s'attendre et comment r\u00e9aliser chaque \u00e9tape en toute s\u00e9curit\u00e9.<\/p>\n<p>Que vous fassiez une demande pour la premi\u00e8re fois ou que vous ayez besoin d'aide professionnelle, notre processus est simple, transparent et s\u00e9curis\u00e9.<\/p>\n\t\t\t\t<\/div>\n\t\t\t<\/div><\/div>\t\t\t\t<\/div>\n\t\t\t\t<\/div>\n\t\t<div class=\"elementor-element elementor-element-1b02845 e-con-full e-flex wpr-particle-no wpr-jarallax-no wpr-parallax-no wpr-sticky-section-no e-con e-parent\" data-id=\"1b02845\" data-element_type=\"container\" data-e-type=\"container\">\n\t\t<div class=\"elementor-element elementor-element-c6b79b6 e-con-full e-flex wpr-particle-no wpr-jarallax-no wpr-parallax-no wpr-sticky-section-no e-con e-child\" data-id=\"c6b79b6\" data-element_type=\"container\" data-e-type=\"container\">\n\t\t\t\t<div class=\"elementor-element elementor-element-f3bb290 elementor-position-top elementor-widget elementor-widget-image-box\" data-id=\"f3bb290\" data-element_type=\"widget\" data-e-type=\"widget\" data-widget_type=\"image-box.default\">\n\t\t\t\t\t<div class=\"elementor-image-box-wrapper\"><figure class=\"elementor-image-box-img\"><img fetchpriority=\"high\" decoding=\"async\" width=\"1280\" height=\"1280\" src=\"https:\/\/tax.u-consults.com\/wp-content\/uploads\/2026\/02\/number-5433251_1280.webp\" class=\"attachment-full size-full wp-image-148\" alt=\"\" srcset=\"https:\/\/tax.u-consults.com\/wp-content\/uploads\/2026\/02\/number-5433251_1280.webp 1280w, https:\/\/tax.u-consults.com\/wp-content\/uploads\/2026\/02\/number-5433251_1280-300x300.webp 300w, https:\/\/tax.u-consults.com\/wp-content\/uploads\/2026\/02\/number-5433251_1280-1024x1024.webp 1024w, https:\/\/tax.u-consults.com\/wp-content\/uploads\/2026\/02\/number-5433251_1280-150x150.webp 150w, https:\/\/tax.u-consults.com\/wp-content\/uploads\/2026\/02\/number-5433251_1280-768x768.webp 768w\" sizes=\"(max-width: 1280px) 100vw, 1280px\" \/><\/figure><div class=\"elementor-image-box-content\"><h3 class=\"elementor-image-box-title\">REMPLISSEZ LE FORMULAIRE DE D\u00c9CLARATION FISCALE<\/h3><p class=\"elementor-image-box-description\">Why This Is Important?<br>\n\nLe formulaire de demande nous permet de comprendre votre situation fiscale avant de pr\u00e9parer votre d\u00e9claration. Cela contribue \u00e0 garantir l'exactitude des informations et le respect des r\u00e8gles fiscales.<br><br>\n\nCe que vous fournirez\u00a0:<br>\n\nInformations personnelles de base<br>\n\nD\u00e9claration de statut fiscal<br>\n\nType de revenu (W-2, 1099, travailleur ind\u00e9pendant, etc.)<br>\n\n\u00c9tat(s) o\u00f9 vous devez d\u00e9poser<br>\n\nInformations relatives aux personnes \u00e0 charge (si n\u00e9cessaire)<br><br>\n\n\ud83d\udccc Veuillez r\u00e9pondre \u00e0 toutes les questions honn\u00eatement et compl\u00e8tement.<\/p><\/div><\/div>\t\t\t\t<\/div>\n\t\t\t\t<div class=\"elementor-element elementor-element-b6fb478 elementor-align-center elementor-widget elementor-widget-elementskit-button\" data-id=\"b6fb478\" data-element_type=\"widget\" data-e-type=\"widget\" data-widget_type=\"elementskit-button.default\">\n\t\t\t\t\t<div class=\"ekit-wid-con\" >\t\t<div class=\"ekit-btn-wraper\">\n\t\t\t\t\t\t\t<a href=\"https:\/\/tax.u-consults.com\/fr\/startfiling\/\" class=\"elementskit-btn  whitespace--normal\" id=\"\">\n\t\t\t\t\tCommencer le formulaire\t\t\t\t<\/a>\n\t\t\t\t\t<\/div>\n        <\/div>\t\t\t\t<\/div>\n\t\t\t\t<\/div>\n\t\t<div class=\"elementor-element elementor-element-10e7e53 e-con-full e-flex wpr-particle-no wpr-jarallax-no wpr-parallax-no wpr-sticky-section-no e-con e-child\" data-id=\"10e7e53\" data-element_type=\"container\" data-e-type=\"container\">\n\t\t\t\t<div class=\"elementor-element elementor-element-95d6872 elementor-position-top elementor-widget elementor-widget-image-box\" data-id=\"95d6872\" data-element_type=\"widget\" data-e-type=\"widget\" data-widget_type=\"image-box.default\">\n\t\t\t\t\t<div class=\"elementor-image-box-wrapper\"><figure class=\"elementor-image-box-img\"><img decoding=\"async\" width=\"960\" height=\"960\" src=\"https:\/\/tax.u-consults.com\/wp-content\/uploads\/2026\/02\/Eo_circle_cyan_number-2.svg.png\" class=\"attachment-full size-full wp-image-147\" alt=\"\" srcset=\"https:\/\/tax.u-consults.com\/wp-content\/uploads\/2026\/02\/Eo_circle_cyan_number-2.svg.png 960w, https:\/\/tax.u-consults.com\/wp-content\/uploads\/2026\/02\/Eo_circle_cyan_number-2.svg-300x300.png 300w, https:\/\/tax.u-consults.com\/wp-content\/uploads\/2026\/02\/Eo_circle_cyan_number-2.svg-150x150.png 150w, https:\/\/tax.u-consults.com\/wp-content\/uploads\/2026\/02\/Eo_circle_cyan_number-2.svg-768x768.png 768w\" sizes=\"(max-width: 960px) 100vw, 960px\" \/><\/figure><div class=\"elementor-image-box-content\"><h3 class=\"elementor-image-box-title\">ENVOYER VOS DOCUMENTS EN TOUTE S\u00c9CURIT\u00c9<\/h3><p class=\"elementor-image-box-description\">Apr\u00e8s avoir rempli le formulaire d'admission, envoyez vos documents via notre portail client s\u00e9curis\u00e9.<br><br>\n\nDocuments courants inclus\u00a0:<br>\n\nW-2 et\/ou 1099 formulaires<br>\n\nPi\u00e8ce d'identit\u00e9 officielle<br>\n\nCarte de s\u00e9curit\u00e9 sociale ou document ITIN<br>\n\nD\u00e9claration de revenus de l'ann\u00e9e pr\u00e9c\u00e9dente (si disponible)<br>\n\nRegistres de revenus &amp; de d\u00e9penses de travailleurs ind\u00e9pendants<br><br>\n\n\ud83d\udd12 Avis de s\u00e9curit\u00e9 important\nLes documents sensibles doivent \u00eatre t\u00e9l\u00e9charg\u00e9s exclusivement via le portail s\u00e9curis\u00e9. N\u2019envoyez aucun document par courriel ou SMS.<\/p><\/div><\/div>\t\t\t\t<\/div>\n\t\t\t\t<div class=\"elementor-element elementor-element-213edd6 elementor-align-center elementor-widget elementor-widget-elementskit-button\" data-id=\"213edd6\" data-element_type=\"widget\" data-e-type=\"widget\" data-widget_type=\"elementskit-button.default\">\n\t\t\t\t\t<div class=\"ekit-wid-con\" >\t\t<div class=\"ekit-btn-wraper\">\n\t\t\t\t\t\t\t<a href=\"https:\/\/tax.u-consults.com\/fr\/upload-documents\/\" class=\"elementskit-btn  whitespace--normal\" id=\"\">\n\t\t\t\t\tEnvoyer des documents\t\t\t\t<\/a>\n\t\t\t\t\t<\/div>\n        <\/div>\t\t\t\t<\/div>\n\t\t\t\t<\/div>\n\t\t\t\t<\/div>\n\t\t<div class=\"elementor-element elementor-element-17ad6a6 e-con-full e-flex wpr-particle-no wpr-jarallax-no wpr-parallax-no wpr-sticky-section-no e-con e-parent\" data-id=\"17ad6a6\" data-element_type=\"container\" data-e-type=\"container\" data-settings=\"{&quot;background_background&quot;:&quot;classic&quot;}\">\n\t\t\t\t<\/div>\n\t\t<div class=\"elementor-element elementor-element-9e6d39b e-con-full e-flex wpr-particle-no wpr-jarallax-no wpr-parallax-no wpr-sticky-section-no e-con e-parent\" data-id=\"9e6d39b\" data-element_type=\"container\" data-e-type=\"container\">\n\t\t<div class=\"elementor-element elementor-element-eed86a5 e-con-full e-flex wpr-particle-no wpr-jarallax-no wpr-parallax-no wpr-sticky-section-no e-con e-child\" data-id=\"eed86a5\" data-element_type=\"container\" data-e-type=\"container\">\n\t\t\t\t<div class=\"elementor-element elementor-element-1e3f62e elementor-position-top elementor-widget elementor-widget-image-box\" data-id=\"1e3f62e\" data-element_type=\"widget\" data-e-type=\"widget\" data-widget_type=\"image-box.default\">\n\t\t\t\t\t<div class=\"elementor-image-box-wrapper\"><figure class=\"elementor-image-box-img\"><img decoding=\"async\" width=\"512\" height=\"512\" src=\"https:\/\/tax.u-consults.com\/wp-content\/uploads\/2026\/02\/10137505.png\" class=\"attachment-full size-full wp-image-146\" alt=\"\" srcset=\"https:\/\/tax.u-consults.com\/wp-content\/uploads\/2026\/02\/10137505.png 512w, https:\/\/tax.u-consults.com\/wp-content\/uploads\/2026\/02\/10137505-300x300.png 300w, https:\/\/tax.u-consults.com\/wp-content\/uploads\/2026\/02\/10137505-150x150.png 150w\" sizes=\"(max-width: 512px) 100vw, 512px\" \/><\/figure><div class=\"elementor-image-box-content\"><h3 class=\"elementor-image-box-title\">V\u00c9RIFIER LES PRIX ET EFFECTUER LE PAIEMENT<\/h3><p class=\"elementor-image-box-description\">Les frais de pr\u00e9paration des d\u00e9clarations de revenus sont calcul\u00e9s en fonction de la complexit\u00e9 de la d\u00e9claration, et non du montant du remboursement.<br>\nLe paiement est requis\u00a0:<br>\nLorsque vous soumettez votre formulaire et vos documents, notre \u00e9quipe analysera la complexit\u00e9 de votre situation fiscale et vous recevrez votre facture. Le paiement est exigible apr\u00e8s la pr\u00e9paration et avant la transmission \u00e9lectronique. Vous pouvez payer depuis votre espace client ou par t\u00e9l\u00e9phone.<br><br>\nL'envoi ne sera pas effectu\u00e9 sans l'approbation du paiement.<br><br> Payment accepted: Zelle, Cash, Debit\/Credit Card, etc. There will be a processing fee if you pay by credit card.<br>\n\n<\/p><\/div><\/div>\t\t\t\t<\/div>\n\t\t\t\t<\/div>\n\t\t<div class=\"elementor-element elementor-element-3215c49 e-con-full e-flex wpr-particle-no wpr-jarallax-no wpr-parallax-no wpr-sticky-section-no e-con e-child\" data-id=\"3215c49\" data-element_type=\"container\" data-e-type=\"container\">\n\t\t\t\t<div class=\"elementor-element elementor-element-3d811da elementor-position-top elementor-widget elementor-widget-image-box\" data-id=\"3d811da\" data-element_type=\"widget\" data-e-type=\"widget\" data-widget_type=\"image-box.default\">\n\t\t\t\t\t<div class=\"elementor-image-box-wrapper\"><figure class=\"elementor-image-box-img\"><img loading=\"lazy\" decoding=\"async\" width=\"500\" height=\"500\" src=\"https:\/\/tax.u-consults.com\/wp-content\/uploads\/2026\/02\/500px-Eo_circle_red_number-4.svg.png\" class=\"attachment-full size-full wp-image-145\" alt=\"\" srcset=\"https:\/\/tax.u-consults.com\/wp-content\/uploads\/2026\/02\/500px-Eo_circle_red_number-4.svg.png 500w, https:\/\/tax.u-consults.com\/wp-content\/uploads\/2026\/02\/500px-Eo_circle_red_number-4.svg-300x300.png 300w, https:\/\/tax.u-consults.com\/wp-content\/uploads\/2026\/02\/500px-Eo_circle_red_number-4.svg-150x150.png 150w\" sizes=\"(max-width: 500px) 100vw, 500px\" \/><\/figure><div class=\"elementor-image-box-content\"><h3 class=\"elementor-image-box-title\">PR\u00c9PARATION ET REVISION DES D\u00c9CLARATIONS DE REVENUS<\/h3><p class=\"elementor-image-box-description\">Une fois votre formulaire d'admission, vos documents et votre paiement re\u00e7us\u00a0:<br><br>\nNous pr\u00e9parons votre d\u00e9claration de revenus avec soin.<br>\nNous v\u00e9rifions l'exactitude des informations.<br>\nNous pourrions vous contacter si des pr\u00e9cisions sont n\u00e9cessaires.<br><br>\nVous aurez la possibilit\u00e9 de v\u00e9rifier votre d\u00e9claration avant de la soumettre.<\/p><\/div><\/div>\t\t\t\t<\/div>\n\t\t\t\t<div class=\"elementor-element elementor-element-c9b47ec elementor-align-center elementor-widget elementor-widget-elementskit-button\" data-id=\"c9b47ec\" data-element_type=\"widget\" data-e-type=\"widget\" data-widget_type=\"elementskit-button.default\">\n\t\t\t\t\t<div class=\"ekit-wid-con\" >\t\t<div class=\"ekit-btn-wraper\">\n\t\t\t\t\t\t\t<a href=\"https:\/\/tax.u-consults.com\/fr\/contact-us\/\" class=\"elementskit-btn  whitespace--normal\" id=\"\">\n\t\t\t\t\tContactez-nous\t\t\t\t<\/a>\n\t\t\t\t\t<\/div>\n        <\/div>\t\t\t\t<\/div>\n\t\t\t\t<\/div>\n\t\t\t\t<\/div>\n\t\t<div class=\"elementor-element elementor-element-15db14e e-con-full e-flex wpr-particle-no wpr-jarallax-no wpr-parallax-no wpr-sticky-section-no e-con e-parent\" data-id=\"15db14e\" data-element_type=\"container\" data-e-type=\"container\" data-settings=\"{&quot;background_background&quot;:&quot;classic&quot;}\">\n\t\t\t\t<\/div>\n\t\t<div class=\"elementor-element elementor-element-0a3d998 e-con-full e-flex wpr-particle-no wpr-jarallax-no wpr-parallax-no wpr-sticky-section-no e-con e-parent\" data-id=\"0a3d998\" data-element_type=\"container\" data-e-type=\"container\">\n\t\t\t\t<div class=\"elementor-element elementor-element-5bd8a56 elementor-position-top elementor-widget elementor-widget-image-box\" data-id=\"5bd8a56\" data-element_type=\"widget\" data-e-type=\"widget\" data-widget_type=\"image-box.default\">\n\t\t\t\t\t<div class=\"elementor-image-box-wrapper\"><figure class=\"elementor-image-box-img\"><img loading=\"lazy\" decoding=\"async\" width=\"512\" height=\"512\" src=\"https:\/\/tax.u-consults.com\/wp-content\/uploads\/2026\/02\/3601646.png\" class=\"attachment-full size-full wp-image-144\" alt=\"\" srcset=\"https:\/\/tax.u-consults.com\/wp-content\/uploads\/2026\/02\/3601646.png 512w, https:\/\/tax.u-consults.com\/wp-content\/uploads\/2026\/02\/3601646-300x300.png 300w, https:\/\/tax.u-consults.com\/wp-content\/uploads\/2026\/02\/3601646-150x150.png 150w\" sizes=\"(max-width: 512px) 100vw, 512px\" \/><\/figure><div class=\"elementor-image-box-content\"><h3 class=\"elementor-image-box-title\">APPROBATION DU CLIENT ET D\u00c9P\u00d4T \u00c9LECTRONIQUE<\/h3><p class=\"elementor-image-box-description\">Apr\u00e8s r\u00e9vision et approbation\u00a0:<br><br>\nVotre d\u00e9claration de revenus est d\u00e9pos\u00e9e \u00e9lectroniquement.<br><br>\nUne confirmation vous sera fournie une fois votre demande accept\u00e9e.<br><br>\n\ud83d\udccc Aucune d\u00e9claration n'est d\u00e9pos\u00e9e sans l'accord du client.<\/p><\/div><\/div>\t\t\t\t<\/div>\n\t\t\t\t<\/div>\n\t\t<div class=\"elementor-element elementor-element-9e31a39 e-con-full e-flex wpr-particle-no wpr-jarallax-no wpr-parallax-no wpr-sticky-section-no e-con e-parent\" data-id=\"9e31a39\" data-element_type=\"container\" data-e-type=\"container\">\n\t\t<div class=\"elementor-element elementor-element-c0e7f82 e-con-full e-flex wpr-particle-no wpr-jarallax-no wpr-parallax-no wpr-sticky-section-no e-con e-child\" data-id=\"c0e7f82\" data-element_type=\"container\" data-e-type=\"container\">\n\t\t\t\t<div class=\"elementor-element elementor-element-6d807ad elementor-widget elementor-widget-elementskit-heading\" data-id=\"6d807ad\" data-element_type=\"widget\" data-e-type=\"widget\" data-widget_type=\"elementskit-heading.default\">\n\t\t\t\t\t<div class=\"ekit-wid-con\" ><div class=\"ekit-heading elementskit-section-title-wraper text_center   ekit_heading_tablet-   ekit_heading_mobile-\"><h2 class=\"ekit-heading--title elementskit-section-title\">AVERTISSEMENTS IMPORTANTS<\/h2>\t\t\t\t<div class='ekit-heading__description'>\n\t\t\t\t\t<h3><strong>\u00c9ducation fiscale vs Pr\u00e9paration de Taxes<\/strong><\/h3>\n<p>\u00a0<\/p>\n<p>La participation \u00e0 des s\u00e9ances d'\u00e9ducation fiscale ou \u00e0 des consultations <strong>ne r\u00e9sulte<\/strong> pas automatiquement en pr\u00e9paration de d\u00e9claration de revenus.<\/p>\n<p><br \/>Les services de pr\u00e9paration de d\u00e9clarations de revenus n\u00e9cessitent\u00a0:<\/p>\n<p>Formulaire d'admission rempli<\/p>\n<p>Soumission de documents<\/p>\n<p>Autorisation du client<\/p>\n<p>Paiement des frais applicables<\/p>\n<p>\u00a0<\/p>\n<h3><strong>Aucun remboursement garanti<\/strong><\/h3>\n<p>Les r\u00e9sultats fiscaux varient selon la situation personnelle. U-Consults ne garantit aucun remboursement ni r\u00e9sultat sp\u00e9cifique.<\/p>\n\t\t\t\t<\/div>\n\t\t\t<\/div><\/div>\t\t\t\t<\/div>\n\t\t\t\t<\/div>\n\t\t<div class=\"elementor-element elementor-element-db0a25b e-con-full e-flex wpr-particle-no wpr-jarallax-no wpr-parallax-no wpr-sticky-section-no e-con e-child\" data-id=\"db0a25b\" data-element_type=\"container\" data-e-type=\"container\">\n\t\t\t\t<div class=\"elementor-element elementor-element-bfbfeda elementor-widget elementor-widget-elementskit-heading\" data-id=\"bfbfeda\" data-element_type=\"widget\" data-e-type=\"widget\" data-widget_type=\"elementskit-heading.default\">\n\t\t\t\t\t<div class=\"ekit-wid-con\" ><div class=\"ekit-heading elementskit-section-title-wraper text_center   ekit_heading_tablet-   ekit_heading_mobile-\"><h2 class=\"ekit-heading--title elementskit-section-title\">S\u00c9CURIT\u00c9 ET CONFIDENTIALIT\u00c9 DES DONN\u00c9ES<\/h2>\t\t\t\t<div class='ekit-heading__description'>\n\t\t\t\t\t<p>U-Consults suit les pratiques de protection des donn\u00e9es recommand\u00e9es par l'IRS et maintient<\/p>\n<p><strong>un plan de s\u00e9curit\u00e9 de l'information \u00e9crit (WISP).<\/strong>.<\/p>\n<p>Formulaires d'admission s\u00e9curis\u00e9s<br \/>Envoi de document chiffr\u00e9s<br \/>Acc\u00e8s limit\u00e9 aux donn\u00e9es clients<\/p>\n\t\t\t\t<\/div>\n\t\t\t<\/div><\/div>\t\t\t\t<\/div>\n\t\t\t\t<div class=\"elementor-element elementor-element-9515426 elementor-align-center elementor-widget elementor-widget-elementskit-button\" data-id=\"9515426\" data-element_type=\"widget\" data-e-type=\"widget\" data-widget_type=\"elementskit-button.default\">\n\t\t\t\t\t<div class=\"ekit-wid-con\" >\t\t<div class=\"ekit-btn-wraper\">\n\t\t\t\t\t\t\t<a href=\"https:\/\/tax.u-consults.com\/fr\/privacy-data-security-policy\/\" class=\"elementskit-btn  whitespace--normal\" id=\"\">\n\t\t\t\t\tPolitique de confidentialit\u00e9 et de s\u00e9curit\u00e9 des donn\u00e9es\t\t\t\t<\/a>\n\t\t\t\t\t<\/div>\n        <\/div>\t\t\t\t<\/div>\n\t\t\t\t<\/div>\n\t\t\t\t<\/div>\n\t\t<div class=\"elementor-element elementor-element-a7a0b0e e-con-full e-flex wpr-particle-no wpr-jarallax-no wpr-parallax-no wpr-sticky-section-no e-con e-parent\" data-id=\"a7a0b0e\" data-element_type=\"container\" data-e-type=\"container\" data-settings=\"{&quot;background_background&quot;:&quot;classic&quot;}\">\n\t\t\t\t<div class=\"elementor-element elementor-element-5bd5905 elementor-widget elementor-widget-heading\" data-id=\"5bd5905\" data-element_type=\"widget\" data-e-type=\"widget\" data-widget_type=\"heading.default\">\n\t\t\t\t\t<h2 class=\"elementor-heading-title elementor-size-default\">Pr\u00eat \u00e0 commencer ?<\/h2>\t\t\t\t<\/div>\n\t\t\t\t<\/div>\n\t\t<div class=\"elementor-element elementor-element-101cdf8 e-con-full e-flex wpr-particle-no wpr-jarallax-no wpr-parallax-no wpr-sticky-section-no e-con e-parent\" data-id=\"101cdf8\" data-element_type=\"container\" data-e-type=\"container\">\n\t\t\t\t<div class=\"elementor-element elementor-element-8db687b elementor-widget elementor-widget-button\" data-id=\"8db687b\" data-element_type=\"widget\" data-e-type=\"widget\" data-widget_type=\"button.default\">\n\t\t\t\t\t\t\t\t\t\t<a class=\"elementor-button elementor-button-link elementor-size-sm\" href=\"https:\/\/tax.u-consults.com\/fr\/upload-documents\/\">\n\t\t\t\t\t\t<span class=\"elementor-button-content-wrapper\">\n\t\t\t\t\t\t\t\t\t<span class=\"elementor-button-text\">Envoyer des documents<\/span>\n\t\t\t\t\t<\/span>\n\t\t\t\t\t<\/a>\n\t\t\t\t\t\t\t\t<\/div>\n\t\t\t\t<div class=\"elementor-element elementor-element-f1aeddf elementor-widget elementor-widget-button\" data-id=\"f1aeddf\" data-element_type=\"widget\" data-e-type=\"widget\" data-widget_type=\"button.default\">\n\t\t\t\t\t\t\t\t\t\t<a class=\"elementor-button elementor-button-link elementor-size-sm\" href=\"https:\/\/tax.u-consults.com\/fr\/startfiling\/\">\n\t\t\t\t\t\t<span class=\"elementor-button-content-wrapper\">\n\t\t\t\t\t\t\t\t\t<span class=\"elementor-button-text\">Commencer le formulaire<\/span>\n\t\t\t\t\t<\/span>\n\t\t\t\t\t<\/a>\n\t\t\t\t\t\t\t\t<\/div>\n\t\t\t\t<\/div>\n\t\t\t\t<\/div>","protected":false},"excerpt":{"rendered":"<p>Begin Your Tax Filing With Confidence Welcome to U-Consults Tax Services.This page explains exactly how to get started, what to expect, and how to complete each step securely. Whether you are filing for the first time or need professional assistance, our process is simple, transparent, and secure. COMPLETE THE TAX INTAKE FORM Why This Is Important? The intake form allows us to understand your tax situation before preparing your return. This helps ensure accuracy and proper compliance. What You\u2019ll Provide: Basic personal information Filing status Income type (W-2, 1099, self-employed, etc.) State(s) where you need to file Dependent information (if applicable) \ud83d\udccc Please answer all questions honestly and completely. Start Intake Form UPLOAD YOUR DOCUMENTS SECURELY After completing the intake form, upload your documents through our secure client portal. Common Documents Include: W-2 and\/or 1099 forms Government-issued ID Social Security card or ITIN document Prior year tax return (if available) Self-employment income &amp; expense records \ud83d\udd12 Important Security Notice Sensitive documents must only be uploaded through the secure portal. Do not send documents by email or text message. Upload Documents REVIEW PRICING &amp; SUBMIT PAYMENT Tax preparation fees are based on the complexity of the return, not the refund amount. When Payment Is Required: When you submit your intake form and documents. Our team will review your tax complexity, and you will receive your invoice. Payment is required after preparation and before electronic filing. Payment can be made on your client dashboard or by phone Filing will not proceed without payment approval Payment accepted: Zelle, Cash, Debit\/Credit Card, etc. There will be a processing fee if you pay by credit card. TAX PREPARATION &amp; REVIEW Once your intake form, documents, and payment are received: We prepare your tax return carefully We review information for accuracy We may contact you if clarification is needed You will have the opportunity to review your return before filing. Contact us CLIENT APPROVAL &amp; E-FILING After review and approval: Your tax return is electronically filed Confirmation will be provided once accepted \ud83d\udccc No return is filed without client approval. IMPORTANT DISCLAIMERS Tax Education vs Tax Preparation \u00a0 Participation in tax education sessions or consultations does not automatically result in a filed tax return. Tax preparation services require: Completed intake form Document submission Client authorization Payment of applicable fees \u00a0 No Guarantee of Refunds Tax outcomes vary based on individual circumstances. U-Consults does not guarantee refunds or specific results. DATA SECURITY &amp; PRIVACY U-Consults follows IRS-recommended data protection practices and maintains a Written Information Security Plan (WISP). Secure intake formsEncrypted document uploadsLimited access to client data Privacy &amp; Data Security Policy Ready to Begin? Upload Documents Start Tax Intake Form<\/p>","protected":false},"author":1,"featured_media":0,"parent":0,"menu_order":0,"comment_status":"closed","ping_status":"closed","template":"elementor_header_footer","meta":{"_eb_attr":"","site-sidebar-layout":"default","site-content-layout":"","ast-site-content-layout":"default","site-content-style":"default","site-sidebar-style":"default","ast-global-header-display":"","ast-banner-title-visibility":"","ast-main-header-display":"","ast-hfb-above-header-display":"","ast-hfb-below-header-display":"","ast-hfb-mobile-header-display":"","site-post-title":"disabled","ast-breadcrumbs-content":"","ast-featured-img":"","footer-sml-layout":"","ast-disable-related-posts":"","theme-transparent-header-meta":"","adv-header-id-meta":"","stick-header-meta":"","header-above-stick-meta":"","header-main-stick-meta":"","header-below-stick-meta":"","astra-migrate-meta-layouts":"default","ast-page-background-enabled":"default","ast-page-background-meta":{"desktop":{"background-color":"var(--ast-global-color-5)","background-image":"","background-repeat":"repeat","background-position":"center center","background-size":"auto","background-attachment":"scroll","background-type":"","background-media":"","overlay-type":"","overlay-color":"","overlay-opacity":"","overlay-gradient":""},"tablet":{"background-color":"","background-image":"","background-repeat":"repeat","background-position":"center center","background-size":"auto","background-attachment":"scroll","background-type":"","background-media":"","overlay-type":"","overlay-color":"","overlay-opacity":"","overlay-gradient":""},"mobile":{"background-color":"","background-image":"","background-repeat":"repeat","background-position":"center center","background-size":"auto","background-attachment":"scroll","background-type":"","background-media":"","overlay-type":"","overlay-color":"","overlay-opacity":"","overlay-gradient":""}},"ast-content-background-meta":{"desktop":{"background-color":"var(--ast-global-color-4)","background-image":"","background-repeat":"repeat","background-position":"center center","background-size":"auto","background-attachment":"scroll","background-type":"","background-media":"","overlay-type":"","overlay-color":"","overlay-opacity":"","overlay-gradient":""},"tablet":{"background-color":"var(--ast-global-color-4)","background-image":"","background-repeat":"repeat","background-position":"center center","background-size":"auto","background-attachment":"scroll","background-type":"","background-media":"","overlay-type":"","overlay-color":"","overlay-opacity":"","overlay-gradient":""},"mobile":{"background-color":"var(--ast-global-color-4)","background-image":"","background-repeat":"repeat","background-position":"center center","background-size":"auto","background-attachment":"scroll","background-type":"","background-media":"","overlay-type":"","overlay-color":"","overlay-opacity":"","overlay-gradient":""}},"footnotes":""},"class_list":["post-140","page","type-page","status-publish","hentry"],"_hostinger_reach_plugin_has_subscription_block":false,"_hostinger_reach_plugin_is_elementor":false,"_links":{"self":[{"href":"https:\/\/tax.u-consults.com\/fr\/wp-json\/wp\/v2\/pages\/140","targetHints":{"allow":["GET"]}}],"collection":[{"href":"https:\/\/tax.u-consults.com\/fr\/wp-json\/wp\/v2\/pages"}],"about":[{"href":"https:\/\/tax.u-consults.com\/fr\/wp-json\/wp\/v2\/types\/page"}],"author":[{"embeddable":true,"href":"https:\/\/tax.u-consults.com\/fr\/wp-json\/wp\/v2\/users\/1"}],"replies":[{"embeddable":true,"href":"https:\/\/tax.u-consults.com\/fr\/wp-json\/wp\/v2\/comments?post=140"}],"version-history":[{"count":31,"href":"https:\/\/tax.u-consults.com\/fr\/wp-json\/wp\/v2\/pages\/140\/revisions"}],"predecessor-version":[{"id":568,"href":"https:\/\/tax.u-consults.com\/fr\/wp-json\/wp\/v2\/pages\/140\/revisions\/568"}],"wp:attachment":[{"href":"https:\/\/tax.u-consults.com\/fr\/wp-json\/wp\/v2\/media?parent=140"}],"curies":[{"name":"wp","href":"https:\/\/api.w.org\/{rel}","templated":true}]}}